{"id":159,"date":"2017-07-18T12:19:03","date_gmt":"2017-07-18T10:19:03","guid":{"rendered":"http:\/\/192.168.100.163\/navigate\/blog\/?page_id=159"},"modified":"2023-04-12T10:48:34","modified_gmt":"2023-04-12T08:48:34","slug":"autorzy","status":"publish","type":"page","link":"https:\/\/navigate.pl\/blog\/autorzy\/","title":{"rendered":"Autorzy"},"content":{"rendered":"<h4><span style=\"color: #0070b9;\"><strong>Micha\u0142 Pola\u0144ski<\/strong><\/span><\/h4>\n<p>Absolwent Wydzia\u0142u Geodezji G\u00f3rniczej i In\u017cynierii \u015arodowiska Akademii G\u00f3rniczo-Hutniczej w Krakowie, kierunek Geodezja i Kartografia, specjalno\u015b\u0107 Geodezja In\u017cynieryjno-Przemys\u0142owa. Posiada wieloletnie do\u015bwiadczenie w wykonywaniu geodezyjnych pomiar\u00f3w klasycznych i satelitarnych. Z firm\u0105 NaviGate zwi\u0105zany od pocz\u0105tku jej istnienia. Obecnie jako Wiceprezes Zarz\u0105du i Dyrektor handlowy Dzia\u0142u Geoinstrument\u00f3w kieruje sprzeda\u017c\u0105 naziemnego sprz\u0119tu pomiarowego dla geodezji i GIS.<\/p>\n<p>Dost\u0119pny pod nr tel. <strong>506 640 709<\/strong> oraz pod adresem email <a href=\"mailto:michal.polanski@navigate.pl\">michal.polanski@navigate.pl<\/a><\/p>\n<h4><span style=\"color: #0070b9;\"><strong>Grzegorz Dur\u0142o\u00a0<\/strong><\/span><\/h4>\n<p>Doktor habilitowany nauk le\u015bnych. Specjalista ds. zobrazowa\u0144 multispektralnych, instruktor UAVO VLOS, BVLOS i INS. Prowadzi\u0142 projekty badawcze w zakresie modelowania hydrologicznego GIS SWAT zlewni g\u00f3rskich, a tak\u017ce projekt nt. wykorzystania UAS do szacowania biomasy drzew oraz oceny stanu zdrowotnego upraw sosnowych na obszarach pokl\u0119skowych.<\/p>\n<p>Dost\u0119pny pod nr tel. <strong>501 271 907<\/strong>\u00a0lub <strong>12 200 22 28 w. 106<\/strong>\u00a0oraz pod adresem email <b><a href=\"mailto:grzegorz.durlo@navigate.pl\">grzegorz.durlo@navigate.pl<\/a>.<\/b><\/p>\n<h4><span style=\"color: #0070b9;\"><strong>Kamil Tomiak<\/strong><\/span><\/h4>\n<p>Absolwent studi\u00f3w II stopnia Wydzia\u0142u Geodezji G\u00f3rniczej i In\u017cynierii \u015arodowiska Akademii G\u00f3rniczo-Hutniczej w Krakowie, kierunek Geodezja i Kartografia, specjalno\u015b\u0107 Geodezja In\u017cynieryjno-Przemys\u0142owa. Dodatkowo uko\u0144czy\u0142 studia podyplomowe BIM \u2013 modelowanie i zarz\u0105dzanie informacj\u0105 o obiektach, infrastrukturze i procesach budowlanych. Mi\u0119dzy innymi by\u0142y pracownik firmy POLSERVICE Geo Sp. z o. o. obs\u0142uguj\u0105cej budow\u0119 tunelu w ci\u0105gu trasy S7 \u2013 \u201eZakopianki\u201d. Interesuje si\u0119 przede wszystkim nowoczesnymi technologiami pomiarowymi oraz wykorzystaniem ich mo\u017cliwo\u015bci w geodezji. W firmie NaviGate pe\u0142ni funkcj\u0119 specjalisty ds. LiDAR i Fotogrametrii z BSP.<\/p>\n<p>Dost\u0119pny pod nr tel. <strong>511\u00a0529\u00a0252<\/strong> lub <strong>12\u00a0200 22 28 w. 102<\/strong> oraz pod adresem email <a href=\"mailto:kamil.tomiak@navigate.pl\">kamil.tomiak@navigate.pl<\/a><\/p>\n<h4><span style=\"color: #0070b9;\"><strong>Arkadiusz Piwowarczyk\u00a0<\/strong><\/span><\/h4>\n<p>Absolwent Wydzia\u0142u Nauk Przyrodniczych Uniwersytetu \u015al\u0105skiego na specjalno\u015bci Eksploracja Obszar\u00f3w Polarnych i G\u00f3rskich.\u00a0Posiada du\u017ce do\u015bwiadczenie w obs\u0142udze bezza\u0142ogowych statk\u00f3w powietrznych w obszarach g\u00f3rskich i polarnych. Bra\u0142 udzia\u0142 w trzech ekspedycjach polarnych na Spitsbergen. Sp\u0119dzi\u0142 rok czasu w stacji polarnej na stanowisko meteorologa. Prowadzi szkolenia VLOS\/BVLOS dla os\u00f3b prywatnych oraz firm.<\/p>\n<p>Dost\u0119pny pod nr tel. <strong>513 419 350<\/strong>\u00a0lub <strong>12 200 22 28 w. 105<\/strong>\u00a0oraz pod adresem email: <a href=\"mailto:arkadiusz.piwowarczyk@navigate.pl\">arkadiusz.piwowarczyk@navigate.pl<\/a><\/p>\n<h4><span style=\"color: #0070b9;\"><strong>Bart\u0142omiej Pola\u0144ski<\/strong><\/span><\/h4>\n<p>Absolwent studi\u00f3w I stopnia Wydzia\u0142u Geodezji G\u00f3rniczej i In\u017cynierii \u015arodowiska Akademii G\u00f3rniczo-Hutniczej w Krakowie, kierunek Geodezja i Kartografia. Posiada praktyczne do\u015bwiadczenie w naziemnym skaningu laserowym, fotogrametrii oraz obs\u0142udze bezza\u0142ogowych statk\u00f3w powietrznych. Pasjonat dron\u00f3w i nowych technologii pomiarowych. W czasie wolnym pianista i akordeonista. W NaviGate obejmuje stanowisko in\u017cyniera technicznego ds. bezza\u0142ogowych statk\u00f3w powietrznych.<\/p>\n<p>Dost\u0119pny pod nr tel. <strong>513 419 350<\/strong>\u00a0lub <strong>789 217 497 <\/strong>\u00a0oraz pod adresem email: <a href=\"mailto:bartlomiej.polanski@navigate.pl\">bartlomiej.polanski@navigate.pl<\/a><\/p>\n<h4><span style=\"color: #0070b9;\"><strong>Piotr Rozenbajgier<\/strong><\/span><\/h4>\n<p>Absolwent Geodezji i Kartografii na Akademii G\u00f3rniczo Hutniczej w Krakowie. Specjalizuje si\u0119 w geodezji in\u017cynieryjno-przemys\u0142owej. Kwalifikacje operatora-pilota w kategorii &#8222;Otwartej&#8221; oraz &#8222;Szczeg\u00f3lnej&#8221; zar\u00f3wno dla typu wielowirnikowiec jak i p\u0142atowiec. Umiej\u0119tno\u015bci obs\u0142ugi jak i pilota\u017cu BSP zdobywane nieprzerwanie od 2016r. Posiada wieloletnie do\u015bwiadczenie je\u015bli chodzi o klasyczne pomiary geodezyjne z zakresu 1 (pomiary sytuacyjno-wysoko\u015bciowe), 2 (rozgraniczenia i podzia\u0142y nieruchomo\u015bci) oraz 4 (geodezyjna obs\u0142uga inwestycji) jak i zastosowanie nowoczesnych technik pomiarowych.<br \/>\nSetki godzin sp\u0119dzone w powietrzu jak i przy opracowaniu zebranych danych pomiarowych z wykorzystaniem klasycznej fotogrametrii (m.in. opracowanie dwukrotnie ortofotomapy z p\u0142atowca dla 440 km kw. pod projekt gazoci\u0105gu) czy m.in. 200 km trasy zeskanowanej z wykorzystaniem technologii LiDAR.<\/p>\n<p>Dost\u0119pny pod nr tel. <strong>501-049-961<\/strong> oraz pod adresem email: <a href=\"mailto:piotr.rozenbajgier@navigate.pl\">piotr.rozenbajgier@navigate.pl<\/a><\/p>\n<h4><span style=\"color: #0070b9;\"><strong>Janusz Dunia<\/strong><\/span><\/h4>\n<p>Absolwent Wydzia\u0142u Lotnictwa i Kosmonautyki Wy\u017cszej Szko\u0142y Oficerskiej Si\u0142 Powietrznych w D\u0119blinie na kierunku Bezza\u0142ogowe Statki Powietrzne. Ma do\u015bwiadczenie w pilotowaniu za\u0142ogowych statk\u00f3w powietrznych PPL(A). Z bran\u017c\u0105 BSP zwi\u0105zany od czasu studi\u00f3w (2013). Prowadzi w\u0142asn\u0105 dzia\u0142alno\u015b\u0107 gospodarcz\u0105, \u015bwiadcz\u0105c us\u0142ugi z wykorzystaniem bezza\u0142ogowych statk\u00f3w powietrznych. W NaviGate obejmowa\u0142 stanowiska w dziale serwisowym oraz wsparcia technicznego BSP. Obecnie do\u0142\u0105czy\u0142 do pododdzia\u0142u NaviGate Warszawa jako In\u017cynier Sprzeda\u017cy Bezza\u0142ogowych Statk\u00f3w Powietrznych. Posiada certyfikat Product Delivery Engineer wydany przez DJI Enterprise.<\/p>\n<p>Dost\u0119pny pod nr tel. <strong>+48 513-419-810<\/strong> oraz pod adresem email: <a href=\"mailto:janusz.dunia@navigate.pl\">janusz.dunia@navigate.pl<\/a><\/p>\n","protected":false},"excerpt":{"rendered":"<p>Micha\u0142 Pola\u0144ski Absolwent Wydzia\u0142u Geodezji G\u00f3rniczej i In\u017cynierii \u015arodowiska Akademii G\u00f3rniczo-Hutniczej w Krakowie, kierunek Geodezja i Kartografia, specjalno\u015b\u0107 Geodezja In\u017cynieryjno-Przemys\u0142owa. Posiada wieloletnie do\u015bwiadczenie w wykonywaniu geodezyjnych pomiar\u00f3w klasycznych i satelitarnych. Z firm\u0105 NaviGate zwi\u0105zany od pocz\u0105tku jej istnienia. Obecnie jako Wiceprezes Zarz\u0105du i Dyrektor handlowy Dzia\u0142u Geoinstrument\u00f3w kieruje sprzeda\u017c\u0105 naziemnego sprz\u0119tu pomiarowego dla geodezji i<\/p>\n","protected":false},"author":1,"featured_media":0,"parent":0,"menu_order":0,"comment_status":"closed","ping_status":"closed","template":"","meta":{"footnotes":""},"aioseo_notices":[],"_links":{"self":[{"href":"https:\/\/navigate.pl\/blog\/wp-json\/wp\/v2\/pages\/159"}],"collection":[{"href":"https:\/\/navigate.pl\/blog\/wp-json\/wp\/v2\/pages"}],"about":[{"href":"https:\/\/navigate.pl\/blog\/wp-json\/wp\/v2\/types\/page"}],"author":[{"embeddable":true,"href":"https:\/\/navigate.pl\/blog\/wp-json\/wp\/v2\/users\/1"}],"replies":[{"embeddable":true,"href":"https:\/\/navigate.pl\/blog\/wp-json\/wp\/v2\/comments?post=159"}],"version-history":[{"count":35,"href":"https:\/\/navigate.pl\/blog\/wp-json\/wp\/v2\/pages\/159\/revisions"}],"predecessor-version":[{"id":2418,"href":"https:\/\/navigate.pl\/blog\/wp-json\/wp\/v2\/pages\/159\/revisions\/2418"}],"wp:attachment":[{"href":"https:\/\/navigate.pl\/blog\/wp-json\/wp\/v2\/media?parent=159"}],"curies":[{"name":"wp","href":"https:\/\/api.w.org\/{rel}","templated":true}]}}