{"id":137,"date":"2017-07-10T14:38:38","date_gmt":"2017-07-10T12:38:38","guid":{"rendered":"http:\/\/192.168.100.163\/navigate\/blog\/?page_id=137"},"modified":"2018-02-02T17:08:46","modified_gmt":"2018-02-02T16:08:46","slug":"newsletter","status":"publish","type":"page","link":"https:\/\/navigate.pl\/blog\/newsletter\/","title":{"rendered":"Newsletter"},"content":{"rendered":"<p><img decoding=\"async\" loading=\"lazy\" class=\"aligncenter size-full wp-image-173\" src=\"https:\/\/navigate.pl\/blog\/wp-content\/uploads\/2017\/07\/newsletter-page.png\" alt=\"\" width=\"1366\" height=\"768\" srcset=\"https:\/\/navigate.pl\/blog\/wp-content\/uploads\/2017\/07\/newsletter-page.png 1366w, https:\/\/navigate.pl\/blog\/wp-content\/uploads\/2017\/07\/newsletter-page-300x169.png 300w, https:\/\/navigate.pl\/blog\/wp-content\/uploads\/2017\/07\/newsletter-page-768x432.png 768w, https:\/\/navigate.pl\/blog\/wp-content\/uploads\/2017\/07\/newsletter-page-1024x576.png 1024w\" sizes=\"(max-width: 1366px) 100vw, 1366px\" \/><\/p>\n<p>&nbsp;<\/p>\n<p><strong>Aby by\u0107 na bie\u017c\u0105co ze wszystkimi aktualno\u015bciami, zapraszamy do zapisania si\u0119 do Newslettera.<\/strong><\/p>\n<p>W newsletterze informujemy m.in. o:<\/p>\n<ul>\n<li>nowych produktach,<\/li>\n<li>aktualnych promocjach i wyprzeda\u017cach,<\/li>\n<li>dost\u0119pnych aktualizacjach oprogramowania,<\/li>\n<li>dost\u0119pnych aktualizacjach fimware\u2019u,<\/li>\n<li>nowych poradach technicznych,<\/li>\n<li>wydarzeniach bran\u017cowych,<\/li>\n<li>innych tematach wartych uwagi.<\/li>\n<\/ul>\n<p>&nbsp;<\/p>\n<h3><b>Zapisz si\u0119 do newslettera:<\/b><\/h3>\n<noscript class=\"ninja-forms-noscript-message\">\n\tUwaga: ta zawarto\u015b\u0107 wymaga obs\u0142ugi j\u0119zyka JavaScript.<\/noscript>\n<div id=\"nf-form-7-cont\" class=\"nf-form-cont\" aria-live=\"polite\" aria-labelledby=\"nf-form-title-7\" aria-describedby=\"nf-form-errors-7\" role=\"form\">\n\n    <div class=\"nf-loading-spinner\"><\/div>\n\n<\/div>\n        <!-- That data is being printed as a workaround to page builders reordering the order of the scripts loaded-->\n        <script>var formDisplay=1;var nfForms=nfForms||[];var form=[];form.id='7';form.settings={\"objectType\":\"Form Setting\",\"editActive\":true,\"title\":\"Newsletter\",\"show_title\":0,\"clear_complete\":1,\"hide_complete\":0,\"default_label_pos\":\"above\",\"wrapper_class\":\"\",\"element_class\":\"\",\"key\":\"\",\"add_submit\":1,\"currency\":\"\",\"logged_in\":false,\"not_logged_in_msg\":\"\",\"sub_limit_number\":\"0\",\"sub_limit_msg\":\"Formularz zosta\\u0142 ju\\u017c raz przes\\u0142any.\",\"calculations\":[],\"formContentData\":[\"imie_i_nazwisko_1499755802859\",\"email_1499755791458\",\"oswiadczam_ze_zapoznalem_am_sie_z_trescia_i_akceptuje_zapisy_regulaminu_jednoczesnie_oswiadczam_iz_wyrazam_zgode_na_przetwarzanie_moich_danych_osobowych_przez_wlasciciela_sklepu_firme_navigate_sp_z_o_o_z_siedziba_w_krakowie_celem_swiadczenia_i_realizacji_uslug_przez_sklep_1499757769583\",\"wyrazam_zgode_na_otrzymywanie_droga_elektroniczna_na_podany_adres_e-mail_informacji_handlowych_dotyczacych_uslug_i_produktow_wlasciciela_serwisu_sklepu_firme_navigate_sp_z_o_o_z_siedziba_w_krakowie_oraz_jego_partnerow_1499757764342\",\"zapisz_mnie_1524818979838\"],\"drawerDisabled\":false,\"changeEmailErrorMsg\":\"Wprowad\\u017a prawid\\u0142owy adres e-mail!\",\"confirmFieldErrorMsg\":\"Te pola musz\\u0105 si\\u0119 zgadza\\u0107!\",\"fieldNumberNumMinError\":\"B\\u0142\\u0105d \\u2014 liczba minimalna\",\"fieldNumberNumMaxError\":\"B\\u0142\\u0105d \\u2014 liczba maksymalna\",\"fieldNumberIncrementBy\":\"Zwi\\u0119ksz o \",\"formErrorsCorrectErrors\":\"Popraw b\\u0142\\u0119dy, zanim prze\\u015blesz formularz.\",\"validateRequiredField\":\"To jest wymagane pole.\",\"honeypotHoneypotError\":\"B\\u0142\\u0105d Honeypot\",\"fieldsMarkedRequired\":\"Pola oznaczone znakiem <span class=\\\"ninja-forms-req-symbol\\\">*<\\\/span> s\\u0105 wymagane\",\"unique_field_error\":\"A form with this value has already been submitted.\",\"ninjaForms\":\"Ninja Forms\",\"changeDateErrorMsg\":\"Please enter a valid date!\",\"fieldTextareaRTEInsertLink\":\"Wstaw odno\\u015bnik\",\"fieldTextareaRTEInsertMedia\":\"Wstaw media\",\"fieldTextareaRTESelectAFile\":\"Wybierz plik\",\"formHoneypot\":\"Je\\u015bli jeste\\u015b cz\\u0142owiekiem i widzisz to pole, nie wype\\u0142niaj go.\",\"fileUploadOldCodeFileUploadInProgress\":\"Przesy\\u0142anie pliku w toku.\",\"fileUploadOldCodeFileUpload\":\"PRZESY\\u0141ANIE PLIKU\",\"currencySymbol\":\"&#122;&#322;\",\"thousands_sep\":\"&nbsp;\",\"decimal_point\":\",\",\"siteLocale\":\"pl_PL\",\"dateFormat\":\"d\\\/m\\\/Y\",\"startOfWeek\":\"1\",\"of\":\"z\",\"previousMonth\":\"Poprzedni miesi\\u0105c\",\"nextMonth\":\"Nast\\u0119pny miesi\\u0105c\",\"months\":[\"stycze\\u0144\",\"luty\",\"marzec\",\"kwiecie\\u0144\",\"maj\",\"czerwiec\",\"lipiec\",\"sierpie\\u0144\",\"wrzesie\\u0144\",\"pa\\u017adziernik\",\"listopad\",\"grudzie\\u0144\"],\"monthsShort\":[\"sty\",\"lut\",\"mar\",\"kw.\",\"maj\",\"cze\",\"lip\",\"sie\",\"wrz\",\"pa\\u017a\",\"lis\",\"gru\"],\"weekdays\":[\"niedziela\",\"poniedzia\\u0142ek\",\"wtorek\",\"\\u015broda\",\"czwartek\",\"pi\\u0105tek\",\"sobota\"],\"weekdaysShort\":[\"niedz.\",\"pon.\",\"wt.\",\"\\u015br.\",\"czw.\",\"pt.\",\"sob.\"],\"weekdaysMin\":[\"niedz.\",\"pon.\",\"wt.\",\"\\u015br.\",\"czw.\",\"pt.\",\"sob.\"],\"recaptchaConsentMissing\":\"reCaptcha validation couldn&#039;t load.\",\"recaptchaMissingCookie\":\"reCaptcha v3 validation couldn&#039;t load the cookie needed to submit the form.\",\"recaptchaConsentEvent\":\"Accept reCaptcha cookies before sending the form.\",\"embed_form\":\"\",\"currency_symbol\":\"\",\"beforeForm\":\"\",\"beforeFields\":\"\",\"afterFields\":\"\",\"afterForm\":\"\"};form.fields=[{\"objectType\":\"Field\",\"objectDomain\":\"fields\",\"editActive\":false,\"order\":1,\"label\":\"Imi\\u0119 i nazwisko\",\"type\":\"firstname\",\"key\":\"imie_i_nazwisko_1499755802859\",\"label_pos\":\"above\",\"required\":1,\"default\":\"\",\"placeholder\":\"\",\"container_class\":\"\",\"element_class\":\"\",\"admin_label\":\"\",\"help_text\":\"\",\"desc_text\":\"\",\"drawerDisabled\":false,\"id\":70,\"beforeField\":\"\",\"afterField\":\"\",\"value\":\"\",\"parentType\":\"firstname\",\"element_templates\":[\"firstname\",\"input\"],\"old_classname\":\"\",\"wrap_template\":\"wrap\"},{\"objectType\":\"Field\",\"objectDomain\":\"fields\",\"editActive\":false,\"order\":2,\"label\":\"E-mail\",\"type\":\"email\",\"key\":\"email_1499755791458\",\"label_pos\":\"above\",\"required\":1,\"default\":\"\",\"placeholder\":\"\",\"container_class\":\"\",\"element_class\":\"\",\"admin_label\":\"\",\"help_text\":\"\",\"desc_text\":\"\",\"drawerDisabled\":false,\"id\":71,\"beforeField\":\"\",\"afterField\":\"\",\"value\":\"\",\"parentType\":\"email\",\"element_templates\":[\"email\",\"input\"],\"old_classname\":\"\",\"wrap_template\":\"wrap\"},{\"objectType\":\"Field\",\"objectDomain\":\"fields\",\"editActive\":false,\"order\":3,\"label\":\"O\\u015bwiadczam, \\u017ce zapozna\\u0142em\\\/am si\\u0119 z tre\\u015bci\\u0105 i akceptuj\\u0119 zapisy Regulaminu. Jednocze\\u015bnie o\\u015bwiadczam, i\\u017c wyra\\u017cam zgod\\u0119 na przetwarzanie moich danych osobowych przez w\\u0142a\\u015bciciela Sklepu \\u2013 firm\\u0119 NaviGate sp. z o.o z siedzib\\u0105 w Krakowie celem \\u015bwiadczenia i realizacji us\\u0142ug przez Sklep.\",\"type\":\"checkbox\",\"key\":\"oswiadczam_ze_zapoznalem_am_sie_z_trescia_i_akceptuje_zapisy_regulaminu_jednoczesnie_oswiadczam_iz_wyrazam_zgode_na_przetwarzanie_moich_danych_osobowych_przez_wlasciciela_sklepu_firme_navigate_sp_z_o_o_z_siedziba_w_krakowie_celem_swiadczenia_i_realizacji_uslug_przez_sklep_1499757769583\",\"label_pos\":\"right\",\"required\":1,\"container_class\":\"\",\"element_class\":\"\",\"manual_key\":false,\"disable_input\":\"\",\"admin_label\":\"\",\"help_text\":\"\",\"desc_text\":\"\",\"default_value\":\"unchecked\",\"checked_calc_value\":\"\",\"unchecked_calc_value\":\"\",\"drawerDisabled\":false,\"checked_value\":\"Zaznaczone\",\"unchecked_value\":\"Niezaznaczone\",\"id\":74,\"beforeField\":\"\",\"afterField\":\"\",\"value\":\"\",\"parentType\":\"checkbox\",\"element_templates\":[\"checkbox\",\"input\"],\"old_classname\":\"\",\"wrap_template\":\"wrap\"},{\"objectType\":\"Field\",\"objectDomain\":\"fields\",\"editActive\":false,\"order\":3,\"label\":\"Wyra\\u017cam zgod\\u0119 na otrzymywanie drog\\u0105 elektroniczn\\u0105 na podany adres e-mail informacji handlowych dotycz\\u0105cych us\\u0142ug i produkt\\u00f3w w\\u0142a\\u015bciciela serwisu Sklepu \\u2013 firm\\u0119 NaviGate sp. z o. o. z siedzib\\u0105 w Krakowie oraz jego partner\\u00f3w.\",\"type\":\"checkbox\",\"key\":\"wyrazam_zgode_na_otrzymywanie_droga_elektroniczna_na_podany_adres_e-mail_informacji_handlowych_dotyczacych_uslug_i_produktow_wlasciciela_serwisu_sklepu_firme_navigate_sp_z_o_o_z_siedziba_w_krakowie_oraz_jego_partnerow_1499757764342\",\"label_pos\":\"right\",\"required\":1,\"container_class\":\"\",\"element_class\":\"\",\"manual_key\":false,\"disable_input\":\"\",\"admin_label\":\"\",\"help_text\":\"\",\"desc_text\":\"\",\"default_value\":\"unchecked\",\"checked_calc_value\":\"\",\"unchecked_calc_value\":\"\",\"drawerDisabled\":false,\"checked_value\":\"Zaznaczone\",\"unchecked_value\":\"Niezaznaczone\",\"id\":75,\"beforeField\":\"\",\"afterField\":\"\",\"value\":\"\",\"parentType\":\"checkbox\",\"element_templates\":[\"checkbox\",\"input\"],\"old_classname\":\"\",\"wrap_template\":\"wrap\"},{\"objectType\":\"Field\",\"objectDomain\":\"fields\",\"editActive\":false,\"order\":4,\"type\":\"submit\",\"label\":\"Zapisz mnie!\",\"processing_label\":\"Przetwarzanie\",\"container_class\":\"\",\"element_class\":\"\",\"key\":\"zapisz_mnie_1524818979838\",\"drawerDisabled\":false,\"id\":73,\"beforeField\":\"\",\"afterField\":\"\",\"value\":\"\",\"label_pos\":\"above\",\"parentType\":\"textbox\",\"element_templates\":[\"submit\",\"button\",\"input\"],\"old_classname\":\"\",\"wrap_template\":\"wrap-no-label\"}];nfForms.push(form);<\/script>\n        \n","protected":false},"excerpt":{"rendered":"<p>&nbsp; Aby by\u0107 na bie\u017c\u0105co ze wszystkimi aktualno\u015bciami, zapraszamy do zapisania si\u0119 do Newslettera. W newsletterze informujemy m.in. o: nowych produktach, aktualnych promocjach i wyprzeda\u017cach, dost\u0119pnych aktualizacjach oprogramowania, dost\u0119pnych aktualizacjach fimware\u2019u, nowych poradach technicznych, wydarzeniach bran\u017cowych, innych tematach wartych uwagi. &nbsp; Zapisz si\u0119 do newslettera:<\/p>\n","protected":false},"author":1,"featured_media":0,"parent":0,"menu_order":0,"comment_status":"closed","ping_status":"closed","template":"","meta":{"footnotes":""},"aioseo_notices":[],"_links":{"self":[{"href":"https:\/\/navigate.pl\/blog\/wp-json\/wp\/v2\/pages\/137"}],"collection":[{"href":"https:\/\/navigate.pl\/blog\/wp-json\/wp\/v2\/pages"}],"about":[{"href":"https:\/\/navigate.pl\/blog\/wp-json\/wp\/v2\/types\/page"}],"author":[{"embeddable":true,"href":"https:\/\/navigate.pl\/blog\/wp-json\/wp\/v2\/users\/1"}],"replies":[{"embeddable":true,"href":"https:\/\/navigate.pl\/blog\/wp-json\/wp\/v2\/comments?post=137"}],"version-history":[{"count":15,"href":"https:\/\/navigate.pl\/blog\/wp-json\/wp\/v2\/pages\/137\/revisions"}],"predecessor-version":[{"id":223,"href":"https:\/\/navigate.pl\/blog\/wp-json\/wp\/v2\/pages\/137\/revisions\/223"}],"wp:attachment":[{"href":"https:\/\/navigate.pl\/blog\/wp-json\/wp\/v2\/media?parent=137"}],"curies":[{"name":"wp","href":"https:\/\/api.w.org\/{rel}","templated":true}]}}