{"id":1329,"date":"2020-09-10T10:01:03","date_gmt":"2020-09-10T08:01:03","guid":{"rendered":"https:\/\/navigate.pl\/blog\/?page_id=1329"},"modified":"2024-04-10T15:00:29","modified_gmt":"2024-04-10T13:00:29","slug":"publikacje","status":"publish","type":"page","link":"https:\/\/navigate.pl\/blog\/publikacje\/","title":{"rendered":"Publikacje"},"content":{"rendered":"<p>Przeczytaj specjalistyczne artyku\u0142y z bran\u017cy GIS i geodezji, kt\u00f3re zosta\u0142y opracowane przez naszych ekspert\u00f3w i partner\u00f3w:<\/p>\n<ul>\n<li><a href=\"https:\/\/navigate.pl\/images\/Grafika_mailingi_landingi\/Publikacje\/Micha\u0142 Pola\u0144ski - Na ka\u017cdy pomiar_2022.pdf\" target=\"_blank\" rel=\"noopener\">&#8222;Na ka\u017cdy pomiar&#8221;<\/a> \u2013 artyku\u0142 o FOCUS 50 (Niezb\u0119dnik miesi\u0119cznika Geodeta \u2013 TACHIMETRY 2022)<\/li>\n<li><a href=\"https:\/\/navigate.pl\/biuletyn-lasy-panstwowe-drony\/img\/NaviGate_Przegl%C4%85d_metod_teledetekcyjnych_w_le%C5%9Bnictwie.pdf?utm_source=geoblog&amp;utm_medium=geoblog&amp;utm_campaign=geoblog\" target=\"_blank\" rel=\"noopener\">Korzy\u015bci z obrazowania wielospektralnego. Przegl\u0105d metod teledetekcyjnych w le\u015bnictwie<\/a>, t\u0142um. dr hab in\u017c. Grzegorz Dur\u0142o, w\u0142asno\u015b\u0107 firmy NaviGate Sp. z o.o. i MicaSense, Inc.<\/li>\n<li>Zaj\u0105\u0107 G. 2020. \u00a0<a href=\"https:\/\/www.deere.pl\/pl\/magazines\/publication.html?id=d041e1bd#16\" target=\"_blank\" rel=\"noopener\">Wsparcie z powietrza. Skiba John Deere.<\/a> Wyd. John Deere Walldorf GmbH &amp; Co. KG, (4) 16-19.<\/li>\n<li><a href=\"https:\/\/navigate.pl\/blog\/wp-content\/uploads\/2020\/09\/Kryteria-czasu-ceny-i-dokladnosci.pdf\">Kryteria czasu, ceny i dok\u0142adno\u015bci<\/a> (Naziemny skaning laserowy a fotogrametria z BSP w ocenie firmy NaviGate) (<em>Geodeta,\u00a0<\/em>wrzesie\u0144 2020)<\/li>\n<li><a href=\"https:\/\/navigate.pl\/images\/Grafika_mailingi_landingi\/Publikacje\/25-03-2019_notatka_bari_2018.pdf\">XVII Wyprawa Bari student\u00f3w z KNG Dahlta z Akademii G\u00f3rniczo Hutniczej im. S. Staszica w Krakowie\u00a0<\/a>(Testy odbiornika GNSS Spectra Precision SP60)<\/li>\n<li><a href=\"https:\/\/sklep.navigate.pl\/images\/Grafika_mailingi_landingi\/Publikacje\/Nautiz_X8.pdf\">Cave Surveying<\/a>\u00a0[w:] &#8222;The American Surveyor&#8221; (luty 2018) &#8211; artyku\u0142 nt. wykorzystania urz\u0105dze\u0144 Handheld\u00a0Nautiz X8 przy kartowaniu jaski\u0144 (angielska wersja j\u0119zykowa)<\/li>\n<li><a href=\"https:\/\/navigate.pl\/images\/Grafika_mailingi_landingi\/Publikacje\/100_lat_innowacyjnosci_dodatek_Tachimetry_2018_Geodeta_nikon_xs_xf.pdf\">100 lat innowacji. Nowe tachimetry Nikon XS i XF\u00a0<\/a>&#8211; dodatek miesi\u0119cznika &#8222;Geodeta&#8221; (stycze\u0144 2018)<\/li>\n<li><a href=\"https:\/\/navigate.pl\/images\/menu_glowne\/porady\/Roman-Ruins-Modeling-and-virutal-rout-aided-wish-SP60_Navigate.pdf\" target=\"blank\" rel=\"noopener\">Case study autorstwa Spectra Precision nt. XVI wyprawy Bari student\u00f3w AGH i odbiornika GNSS SP60<\/a><\/li>\n<li><a href=\"https:\/\/navigate.pl\/images\/menu_glowne\/porady\/Notatka_Bari.pdf\" target=\"blank\" rel=\"noopener\">XVI Wyprawa Bari student\u00f3w z Akademii G\u00f3rniczo-Hutniczej im. S. Staszica w Krakowie<\/a><br \/>\n(zastosowanie technologii Trimble RTX w badaniach archeologicznych)<\/li>\n<li><a href=\"https:\/\/navigate.pl\/images\/menu_glowne\/porady\/Z-Blade_PL.pdf\" target=\"blank\" rel=\"noopener\">Technologia Z-Blade<\/a><\/li>\n<li><a href=\"https:\/\/navigate.pl\/images\/marketing\/Publikacje_grafika\/Zastosowanie-odbiornika-gnss.pdf\" target=\"blank\" rel=\"noopener\">T. Mzyk, M. Gorol, A. Czajkowska, &#8222;Zastosowanie odbiornika GNSS do monitoringu wp\u0142ywu dzia\u0142alno\u015bci g\u00f3rniczej na powierzchni terenu&#8221;<\/a><br \/>\nSystemy wspomagania w in\u017cynierii produkcji. Geochemia i Geologia \u015arodowiska Teren\u00f3w uprzemys\u0142owionych, z.5(17), 2016 r.<\/li>\n<li><a href=\"http:\/\/geoforum.pl\/action\/?action=download&amp;id=21\" target=\"blank\" rel=\"noopener\">TACHIMETRY<\/a>\u00a0&#8211; dodatek miesi\u0119cznik &#8222;Geodeta&#8221; (grudzie\u0144 2016)<\/li>\n<li><a href=\"https:\/\/navigate.pl\/images\/marketing\/Publikacje_grafika\/FOCUS35.pdf\" target=\"blank\" rel=\"noopener\">Analiza techniczna Focus 35<\/a>\u00a0(wrzesie\u0144 2016)<\/li>\n<li><a href=\"https:\/\/navigate.pl\/images\/marketing\/Publikacje_grafika\/2016_Czerwiec_Co_nas_czeka_po_RTK_Geodeta.pdf\" target=\"blank\" rel=\"noopener\">&#8222;Co nas czeka po RTK&#8221;<\/a>\u00a0&#8211; artyku\u0142 o technologii Trimble RTX (<em>Geodeta<\/em>, czerwiec 2016)<\/li>\n<li><a href=\"https:\/\/navigate.pl\/images\/marketing\/Publikacje_grafika\/2016_Kwiecie_Odbiornik%20geodezyjny%20Spectra%20Precision%20SP60_Geodeta.pdf\" target=\"blank\" rel=\"noopener\">&#8222;Wszechstronny i niezawodny&#8221;<\/a>\u00a0&#8211; artyku\u0142 o SP60 (<em>Geodeta<\/em>, kwiecie\u0144 2016)<\/li>\n<li><a href=\"https:\/\/navigate.pl\/images\/marketing\/Publikacje_grafika\/2015_padziernik_Solidno%20spod%20znaku%20Focus_Gedoeta.pdf\" target=\"blank\" rel=\"noopener\">&#8222;Solidno\u015b\u0107 spod znaku Focus&#8221;<\/a>\u00a0&#8211; artyku\u0142 o F2, F6+, F8, F35 (<em>Geodeta<\/em>, pa\u017adziernik 2015)<\/li>\n<li><a href=\"https:\/\/sklep.navigate.pl\/images\/marketing\/Publikacje_grafika\/2015_kwiecie_Zobacz%20rnic%20-%20Spectra%20Precision%20SP80_Geodeta.pdf\" target=\"blank\" rel=\"noopener\">&#8222;Zobacz r\u00f3\u017cnic\u0119: Spectra Precision SP80&#8221;<\/a>\u00a0&#8211; artyku\u0142 o SP80 (<em>Geodeta<\/em>, kwiecie\u0144 2015)<\/li>\n<li><a href=\"https:\/\/navigate.pl\/images\/Grafika_mailingi_landingi\/Publikacje\/2013-09-Nie%20jestes%20skazany%20na%20GPS_Geodeta.pdf\">&#8222;Nie jeste\u015b skazany na GPS&#8221;<\/a>\u00a0&#8211; artyku\u0142 o technologii Z-Blade (<em>Geodeta<\/em>, wrzesie\u0144 2013)<\/li>\n<\/ul>\n","protected":false},"excerpt":{"rendered":"<p>Przeczytaj specjalistyczne artyku\u0142y z bran\u017cy GIS i geodezji, kt\u00f3re zosta\u0142y opracowane przez naszych ekspert\u00f3w i partner\u00f3w: &#8222;Na ka\u017cdy pomiar&#8221; \u2013 artyku\u0142 o FOCUS 50 (Niezb\u0119dnik miesi\u0119cznika Geodeta \u2013 TACHIMETRY 2022) Korzy\u015bci z obrazowania wielospektralnego. Przegl\u0105d metod teledetekcyjnych w le\u015bnictwie, t\u0142um. dr hab in\u017c. Grzegorz Dur\u0142o, w\u0142asno\u015b\u0107 firmy NaviGate Sp. z o.o. i MicaSense, Inc. Zaj\u0105\u0107<\/p>\n","protected":false},"author":1,"featured_media":0,"parent":0,"menu_order":0,"comment_status":"closed","ping_status":"closed","template":"","meta":{"footnotes":""},"aioseo_notices":[],"_links":{"self":[{"href":"https:\/\/navigate.pl\/blog\/wp-json\/wp\/v2\/pages\/1329"}],"collection":[{"href":"https:\/\/navigate.pl\/blog\/wp-json\/wp\/v2\/pages"}],"about":[{"href":"https:\/\/navigate.pl\/blog\/wp-json\/wp\/v2\/types\/page"}],"author":[{"embeddable":true,"href":"https:\/\/navigate.pl\/blog\/wp-json\/wp\/v2\/users\/1"}],"replies":[{"embeddable":true,"href":"https:\/\/navigate.pl\/blog\/wp-json\/wp\/v2\/comments?post=1329"}],"version-history":[{"count":10,"href":"https:\/\/navigate.pl\/blog\/wp-json\/wp\/v2\/pages\/1329\/revisions"}],"predecessor-version":[{"id":2578,"href":"https:\/\/navigate.pl\/blog\/wp-json\/wp\/v2\/pages\/1329\/revisions\/2578"}],"wp:attachment":[{"href":"https:\/\/navigate.pl\/blog\/wp-json\/wp\/v2\/media?parent=1329"}],"curies":[{"name":"wp","href":"https:\/\/api.w.org\/{rel}","templated":true}]}}